{"id":92,"date":"2025-11-06T07:55:19","date_gmt":"2025-11-06T07:55:19","guid":{"rendered":"https:\/\/www.temperatur.nu\/butik\/?post_type=product&#038;p=92"},"modified":"2025-11-09T13:17:29","modified_gmt":"2025-11-09T13:17:29","slug":"stevenson-screen","status":"publish","type":"product","link":"https:\/\/www.temperatur.nu\/butik\/product\/stevenson-screen\/","title":{"rendered":"Stevenson screen"},"content":{"rendered":"\r\n<h3>Vad anv\u00e4nds Stevenson screen till?<\/h3>\r\n<p><a href=\"https:\/\/www.temperatur.nu\/butik\/product\/temperatur-nu-reporter-v2\/\">Temperatur.nu reporter<\/a> kommer med tv\u00e5 sensorer som b\u00f6r placeras i olika v\u00e4derstreck f\u00f6r att alltid kunna m\u00e4ta skuggtemperaturen f\u00f6r att p\u00e5 s\u00e5 s\u00e4tt undvika &#8221;solspikar&#8221; och felaktiga temperaturer. Ibland \u00e4r l\u00f6sningen med tv\u00e5 sensorer inte tillr\u00e4cklig och en eller b\u00e5da sensorerna kan beh\u00f6va skyddas mot solljus f\u00f6r att rapportera korrekt temperatur. D\u00e5 \u00e4r en <a href=\"https:\/\/en.wikipedia.org\/wiki\/Stevenson_screen\">Stevenson screen<\/a> ofta en bra l\u00f6sning.<\/p>\r\n\r\n\r\n\r\n<p>Stevensonscreenen \u00e4r inte specifk f\u00f6r v\u00e5r reporter, utan kan anv\u00e4ndas med alla kabelanslutna sensorer.<\/p>\r\n\r\n<h3 class=\"wp-block-heading\">Saker som ing\u00e5r<\/h3>\r\n\r\n\r\n\r\n<p>Stevensson screenen (Attribution enligt <a href=\"https:\/\/creativecommons.org\/licenses\/by\/4.0\/\">CC 4.0<\/a>:\u00a0<a href=\"https:\/\/www.thingiverse.com\/thing:2970799?fbclid=IwAR1IXpOPbW9ebt9zE6IVICO5zbLnzX9_Wxsgn1OM4B7fi7018-KynA4Ua3s\" target=\"_blank\" rel=\"noreferrer noopener\">https:\/\/www.thingiverse.com\/thing:2970799<\/a> ) \u00e4r ca 15cm h\u00f6g och skivornas diameter \u00e4r 12,5cm. Plastdelarna \u00e4r utskriven i PETG-plast som \u00e4r f\u00f6rh\u00e5llandevis UV-best\u00e4ndig.<\/p>\r\n\r\n\r\n\r\n<h3><strong>Delar som Ing\u00e5r:<\/strong><\/h3>\r\n<h3>\r\n\r\n<\/h3>\r\n<ul class=\"wp-block-list\">\r\n<li>1st v\u00e4ggf\u00e4ste<\/li>\r\n\r\n\r\n\r\n<li>4st mellandiskar<\/li>\r\n\r\n\r\n\r\n<li>1st mellandisk med f\u00e4ste f\u00f6r temperatursensor<\/li>\r\n\r\n\r\n\r\n<li>1st lock<\/li>\r\n\r\n\r\n\r\n<li>2st buntband f\u00f6r att kunna f\u00e4sta sensorn<\/li>\r\n\r\n\r\n\r\n<li>2st rostfria g\u00e4ngstavar ca 16cm<\/li>\r\n\r\n\r\n\r\n<li>4st rostfria brickor<\/li>\r\n\r\n\r\n\r\n<li>4st rostfria muttrar<\/li>\r\n<\/ul>\r\n\r\n\r\n\r\n<h3><strong>Delar som inte ing\u00e5r:<\/strong><\/h3>\r\n<h3>\r\n\r\n<\/h3>\r\n<ul class=\"wp-block-list\">\r\n<li>Skruv f\u00f6r att f\u00e4sta v\u00e4ggf\u00e4stet i v\u00e4ggen. Skruv med platt skalle (och inte konisk) b\u00f6r anv\u00e4ndas f\u00f6r att inte skada v\u00e4ggf\u00e4stet. Har du bara skruvar som \u00e4r koniska vid skallen kan du anv\u00e4nda brickor.<\/li>\r\n<\/ul>\r\n<p><\/p>\r\n<h3 class=\"wp-block-heading\">Montering<\/h3>\r\n<p>\r\n\r\n<\/p>\r\n<ol class=\"wp-block-list\">\r\n<li>B\u00f6rja med att montera f\u00e4stet p\u00e5 v\u00e4ggen.<\/li>\r\n\r\n\r\n\r\n<li>L\u00e4gg 2 mellandiskar p\u00e5 v\u00e4ggf\u00e4stet<\/li>\r\n\r\n\r\n\r\n<li>L\u00e4gg mellandisken med f\u00e4ste f\u00f6r temperatursensorn p\u00e5 de tv\u00e5 mellandiskarna.<\/li>\r\n\r\n\r\n\r\n<li>f\u00f6r in sensorn genom h\u00e5let i v\u00e4ggf\u00e4stet och f\u00e4st sensorn med de tv\u00e5 buntbanden i mellandisken med sensorf\u00e4ste<\/li>\r\n\r\n\r\n\r\n<li>l\u00e4gg p\u00e5 de tv\u00e5 resterande mellandiskarna<\/li>\r\n\r\n\r\n\r\n<li>L\u00e4gg p\u00e5 toppen.<\/li>\r\n\r\n\r\n\r\n<li>Skruva p\u00e5 1 muttrar i \u00e4nden av vardera g\u00e4ngst\u00e5ng och s\u00e4tt sedan en bricka innanf\u00f6r muttern.<\/li>\r\n\r\n\r\n\r\n<li>F\u00f6r in g\u00e4ngst\u00e4ngerna (utan att tappa brickorna!) fr\u00e5n ovansida av Stevenson screenen.<\/li>\r\n\r\n\r\n\r\n<li>S\u00e4tt dit brickor p\u00e5 g\u00e4ngst\u00e4ngerna nere vid v\u00e4ggf\u00e4stet och skruva dit muttern. OBS! Du beh\u00f6ver inte dra \u00e5t muttrarna h\u00e5rt,<\/li>\r\n<\/ol>\r\n<p><\/p>\r\n","protected":false},"excerpt":{"rendered":"<p>Skyddar temperatursensorer mot sol och regn f\u00f6r mer exakta m\u00e4tningar. Passar temperatur.nu reporter och andra kabelanslutna sensorer.<\/p>\n","protected":false},"featured_media":93,"comment_status":"open","ping_status":"closed","template":"","meta":{"site-sidebar-layout":"default","site-content-layout":"","ast-site-content-layout":"default","site-content-style":"default","site-sidebar-style":"default","ast-global-header-display":"","ast-banner-title-visibility":"","ast-main-header-display":"","ast-hfb-above-header-display":"","ast-hfb-below-header-display":"","ast-hfb-mobile-header-display":"","site-post-title":"","ast-breadcrumbs-content":"","ast-featured-img":"","footer-sml-layout":"","theme-transparent-header-meta":"default","adv-header-id-meta":"","stick-header-meta":"","header-above-stick-meta":"","header-main-stick-meta":"","header-below-stick-meta":"","astra-migrate-meta-layouts":"set","ast-page-background-enabled":"default","ast-page-background-meta":{"desktop":{"background-color":"var(--ast-global-color-5)","background-image":"","background-repeat":"repeat","background-position":"center center","background-size":"auto","background-attachment":"scroll","background-type":"","background-media":"","overlay-type":"","overlay-color":"","overlay-opacity":"","overlay-gradient":""},"tablet":{"background-color":"","background-image":"","background-repeat":"repeat","background-position":"center center","background-size":"auto","background-attachment":"scroll","background-type":"","background-media":"","overlay-type":"","overlay-color":"","overlay-opacity":"","overlay-gradient":""},"mobile":{"background-color":"","background-image":"","background-repeat":"repeat","background-position":"center center","background-size":"auto","background-attachment":"scroll","background-type":"","background-media":"","overlay-type":"","overlay-color":"","overlay-opacity":"","overlay-gradient":""}},"ast-content-background-meta":{"desktop":{"background-color":"var(--ast-global-color-4)","background-image":"","background-repeat":"repeat","background-position":"center center","background-size":"auto","background-attachment":"scroll","background-type":"","background-media":"","overlay-type":"","overlay-color":"","overlay-opacity":"","overlay-gradient":""},"tablet":{"background-color":"var(--ast-global-color-4)","background-image":"","background-repeat":"repeat","background-position":"center center","background-size":"auto","background-attachment":"scroll","background-type":"","background-media":"","overlay-type":"","overlay-color":"","overlay-opacity":"","overlay-gradient":""},"mobile":{"background-color":"var(--ast-global-color-4)","background-image":"","background-repeat":"repeat","background-position":"center center","background-size":"auto","background-attachment":"scroll","background-type":"","background-media":"","overlay-type":"","overlay-color":"","overlay-opacity":"","overlay-gradient":""}}},"product_brand":[18],"product_cat":[28,15],"product_tag":[],"class_list":{"0":"post-92","1":"product","2":"type-product","3":"status-publish","4":"has-post-thumbnail","6":"product_brand-temperatur_nu","7":"product_cat-3d-print","8":"product_cat-temperatur-nu","9":"product_shipping_class-tunga-paket","10":"desktop-align-left","11":"tablet-align-left","12":"mobile-align-left","14":"first","15":"instock","16":"taxable","17":"shipping-taxable","18":"purchasable","19":"product-type-simple"},"yoast_head":"<!-- This site is optimized with the Yoast SEO plugin v27.4 - https:\/\/yoast.com\/product\/yoast-seo-wordpress\/ -->\n<title>Stevensson Screen f\u00f6r Korrekt Temperaturm\u00e4tning -<\/title>\n<meta name=\"description\" content=\"Beh\u00e5ll noggrannheten i din temperaturm\u00e4tning med en stevensson screen! Skydda dina sensorer effektivt mot solljus. K\u00f6p din idag!\" \/>\n<meta name=\"robots\" content=\"index, follow, max-snippet:-1, max-image-preview:large, max-video-preview:-1\" \/>\n<link rel=\"canonical\" href=\"https:\/\/www.temperatur.nu\/butik\/product\/stevenson-screen\/\" \/>\n<meta property=\"og:locale\" content=\"sv_SE\" \/>\n<meta property=\"og:type\" content=\"article\" \/>\n<meta property=\"og:title\" content=\"Stevensson Screen f\u00f6r Korrekt Temperaturm\u00e4tning -\" \/>\n<meta property=\"og:description\" content=\"Beh\u00e5ll noggrannheten i din temperaturm\u00e4tning med en stevensson screen! Skydda dina sensorer effektivt mot solljus. K\u00f6p din idag!\" \/>\n<meta property=\"og:url\" content=\"https:\/\/www.temperatur.nu\/butik\/product\/stevenson-screen\/\" \/>\n<meta property=\"article:publisher\" content=\"https:\/\/www.facebook.com\/temperatur.nu\" \/>\n<meta property=\"article:modified_time\" content=\"2025-11-09T13:17:29+00:00\" \/>\n<meta property=\"og:image\" content=\"https:\/\/www.temperatur.nu\/butik\/wp-content\/uploads\/2025\/11\/406324735_676870741203100_5343699641420722523_n.jpg\" \/>\n\t<meta property=\"og:image:width\" content=\"1536\" \/>\n\t<meta property=\"og:image:height\" content=\"2048\" \/>\n\t<meta property=\"og:image:type\" content=\"image\/jpeg\" \/>\n<meta name=\"twitter:card\" content=\"summary_large_image\" \/>\n<meta name=\"twitter:label1\" content=\"Ber\u00e4knad l\u00e4stid\" \/>\n\t<meta name=\"twitter:data1\" content=\"2 minuter\" \/>\n<script type=\"application\/ld+json\" class=\"yoast-schema-graph\">{\"@context\":\"https:\\\/\\\/schema.org\",\"@graph\":[{\"@type\":\"WebPage\",\"@id\":\"https:\\\/\\\/www.temperatur.nu\\\/butik\\\/product\\\/stevenson-screen\\\/\",\"url\":\"https:\\\/\\\/www.temperatur.nu\\\/butik\\\/product\\\/stevenson-screen\\\/\",\"name\":\"Stevensson Screen f\u00f6r Korrekt Temperaturm\u00e4tning -\",\"isPartOf\":{\"@id\":\"https:\\\/\\\/www.temperatur.nu\\\/butik\\\/#website\"},\"primaryImageOfPage\":{\"@id\":\"https:\\\/\\\/www.temperatur.nu\\\/butik\\\/product\\\/stevenson-screen\\\/#primaryimage\"},\"image\":{\"@id\":\"https:\\\/\\\/www.temperatur.nu\\\/butik\\\/product\\\/stevenson-screen\\\/#primaryimage\"},\"thumbnailUrl\":\"https:\\\/\\\/www.temperatur.nu\\\/butik\\\/wp-content\\\/uploads\\\/2025\\\/11\\\/406324735_676870741203100_5343699641420722523_n.jpg\",\"datePublished\":\"2025-11-06T07:55:19+00:00\",\"dateModified\":\"2025-11-09T13:17:29+00:00\",\"description\":\"Beh\u00e5ll noggrannheten i din temperaturm\u00e4tning med en stevensson screen! Skydda dina sensorer effektivt mot solljus. K\u00f6p din idag!\",\"breadcrumb\":{\"@id\":\"https:\\\/\\\/www.temperatur.nu\\\/butik\\\/product\\\/stevenson-screen\\\/#breadcrumb\"},\"inLanguage\":\"sv-SE\",\"potentialAction\":[{\"@type\":\"ReadAction\",\"target\":[\"https:\\\/\\\/www.temperatur.nu\\\/butik\\\/product\\\/stevenson-screen\\\/\"]}]},{\"@type\":\"ImageObject\",\"inLanguage\":\"sv-SE\",\"@id\":\"https:\\\/\\\/www.temperatur.nu\\\/butik\\\/product\\\/stevenson-screen\\\/#primaryimage\",\"url\":\"https:\\\/\\\/www.temperatur.nu\\\/butik\\\/wp-content\\\/uploads\\\/2025\\\/11\\\/406324735_676870741203100_5343699641420722523_n.jpg\",\"contentUrl\":\"https:\\\/\\\/www.temperatur.nu\\\/butik\\\/wp-content\\\/uploads\\\/2025\\\/11\\\/406324735_676870741203100_5343699641420722523_n.jpg\",\"width\":1536,\"height\":2048},{\"@type\":\"BreadcrumbList\",\"@id\":\"https:\\\/\\\/www.temperatur.nu\\\/butik\\\/product\\\/stevenson-screen\\\/#breadcrumb\",\"itemListElement\":[{\"@type\":\"ListItem\",\"position\":1,\"name\":\"Hem\",\"item\":\"https:\\\/\\\/www.temperatur.nu\\\/butik\\\/\"},{\"@type\":\"ListItem\",\"position\":2,\"name\":\"Temperatur.nu Butik\",\"item\":\"https:\\\/\\\/www.temperatur.nu\\\/butik\\\/\"},{\"@type\":\"ListItem\",\"position\":3,\"name\":\"Stevenson screen\"}]},{\"@type\":\"WebSite\",\"@id\":\"https:\\\/\\\/www.temperatur.nu\\\/butik\\\/#website\",\"url\":\"https:\\\/\\\/www.temperatur.nu\\\/butik\\\/\",\"name\":\"Temperatur.nu\\\/butik\",\"description\":\"Tar tempen p\u00e5 Sverige!\",\"publisher\":{\"@id\":\"https:\\\/\\\/www.temperatur.nu\\\/butik\\\/#organization\"},\"potentialAction\":[{\"@type\":\"SearchAction\",\"target\":{\"@type\":\"EntryPoint\",\"urlTemplate\":\"https:\\\/\\\/www.temperatur.nu\\\/butik\\\/?s={search_term_string}\"},\"query-input\":{\"@type\":\"PropertyValueSpecification\",\"valueRequired\":true,\"valueName\":\"search_term_string\"}}],\"inLanguage\":\"sv-SE\"},{\"@type\":\"Organization\",\"@id\":\"https:\\\/\\\/www.temperatur.nu\\\/butik\\\/#organization\",\"name\":\"Temperatur.nu\",\"url\":\"https:\\\/\\\/www.temperatur.nu\\\/butik\\\/\",\"logo\":{\"@type\":\"ImageObject\",\"inLanguage\":\"sv-SE\",\"@id\":\"https:\\\/\\\/www.temperatur.nu\\\/butik\\\/#\\\/schema\\\/logo\\\/image\\\/\",\"url\":\"https:\\\/\\\/www.temperatur.nu\\\/butik\\\/wp-content\\\/uploads\\\/2025\\\/11\\\/Temperatur-Logotyp.png\",\"contentUrl\":\"https:\\\/\\\/www.temperatur.nu\\\/butik\\\/wp-content\\\/uploads\\\/2025\\\/11\\\/Temperatur-Logotyp.png\",\"width\":1772,\"height\":414,\"caption\":\"Temperatur.nu\"},\"image\":{\"@id\":\"https:\\\/\\\/www.temperatur.nu\\\/butik\\\/#\\\/schema\\\/logo\\\/image\\\/\"},\"sameAs\":[\"https:\\\/\\\/www.facebook.com\\\/temperatur.nu\"]}]}<\/script>\n<!-- \/ Yoast SEO plugin. -->","yoast_head_json":{"title":"Stevensson Screen f\u00f6r Korrekt Temperaturm\u00e4tning -","description":"Beh\u00e5ll noggrannheten i din temperaturm\u00e4tning med en stevensson screen! Skydda dina sensorer effektivt mot solljus. K\u00f6p din idag!","robots":{"index":"index","follow":"follow","max-snippet":"max-snippet:-1","max-image-preview":"max-image-preview:large","max-video-preview":"max-video-preview:-1"},"canonical":"https:\/\/www.temperatur.nu\/butik\/product\/stevenson-screen\/","og_locale":"sv_SE","og_type":"article","og_title":"Stevensson Screen f\u00f6r Korrekt Temperaturm\u00e4tning -","og_description":"Beh\u00e5ll noggrannheten i din temperaturm\u00e4tning med en stevensson screen! Skydda dina sensorer effektivt mot solljus. K\u00f6p din idag!","og_url":"https:\/\/www.temperatur.nu\/butik\/product\/stevenson-screen\/","article_publisher":"https:\/\/www.facebook.com\/temperatur.nu","article_modified_time":"2025-11-09T13:17:29+00:00","og_image":[{"width":1536,"height":2048,"url":"https:\/\/www.temperatur.nu\/butik\/wp-content\/uploads\/2025\/11\/406324735_676870741203100_5343699641420722523_n.jpg","type":"image\/jpeg"}],"twitter_card":"summary_large_image","twitter_misc":{"Ber\u00e4knad l\u00e4stid":"2 minuter"},"schema":{"@context":"https:\/\/schema.org","@graph":[{"@type":"WebPage","@id":"https:\/\/www.temperatur.nu\/butik\/product\/stevenson-screen\/","url":"https:\/\/www.temperatur.nu\/butik\/product\/stevenson-screen\/","name":"Stevensson Screen f\u00f6r Korrekt Temperaturm\u00e4tning -","isPartOf":{"@id":"https:\/\/www.temperatur.nu\/butik\/#website"},"primaryImageOfPage":{"@id":"https:\/\/www.temperatur.nu\/butik\/product\/stevenson-screen\/#primaryimage"},"image":{"@id":"https:\/\/www.temperatur.nu\/butik\/product\/stevenson-screen\/#primaryimage"},"thumbnailUrl":"https:\/\/www.temperatur.nu\/butik\/wp-content\/uploads\/2025\/11\/406324735_676870741203100_5343699641420722523_n.jpg","datePublished":"2025-11-06T07:55:19+00:00","dateModified":"2025-11-09T13:17:29+00:00","description":"Beh\u00e5ll noggrannheten i din temperaturm\u00e4tning med en stevensson screen! Skydda dina sensorer effektivt mot solljus. K\u00f6p din idag!","breadcrumb":{"@id":"https:\/\/www.temperatur.nu\/butik\/product\/stevenson-screen\/#breadcrumb"},"inLanguage":"sv-SE","potentialAction":[{"@type":"ReadAction","target":["https:\/\/www.temperatur.nu\/butik\/product\/stevenson-screen\/"]}]},{"@type":"ImageObject","inLanguage":"sv-SE","@id":"https:\/\/www.temperatur.nu\/butik\/product\/stevenson-screen\/#primaryimage","url":"https:\/\/www.temperatur.nu\/butik\/wp-content\/uploads\/2025\/11\/406324735_676870741203100_5343699641420722523_n.jpg","contentUrl":"https:\/\/www.temperatur.nu\/butik\/wp-content\/uploads\/2025\/11\/406324735_676870741203100_5343699641420722523_n.jpg","width":1536,"height":2048},{"@type":"BreadcrumbList","@id":"https:\/\/www.temperatur.nu\/butik\/product\/stevenson-screen\/#breadcrumb","itemListElement":[{"@type":"ListItem","position":1,"name":"Hem","item":"https:\/\/www.temperatur.nu\/butik\/"},{"@type":"ListItem","position":2,"name":"Temperatur.nu Butik","item":"https:\/\/www.temperatur.nu\/butik\/"},{"@type":"ListItem","position":3,"name":"Stevenson screen"}]},{"@type":"WebSite","@id":"https:\/\/www.temperatur.nu\/butik\/#website","url":"https:\/\/www.temperatur.nu\/butik\/","name":"Temperatur.nu\/butik","description":"Tar tempen p\u00e5 Sverige!","publisher":{"@id":"https:\/\/www.temperatur.nu\/butik\/#organization"},"potentialAction":[{"@type":"SearchAction","target":{"@type":"EntryPoint","urlTemplate":"https:\/\/www.temperatur.nu\/butik\/?s={search_term_string}"},"query-input":{"@type":"PropertyValueSpecification","valueRequired":true,"valueName":"search_term_string"}}],"inLanguage":"sv-SE"},{"@type":"Organization","@id":"https:\/\/www.temperatur.nu\/butik\/#organization","name":"Temperatur.nu","url":"https:\/\/www.temperatur.nu\/butik\/","logo":{"@type":"ImageObject","inLanguage":"sv-SE","@id":"https:\/\/www.temperatur.nu\/butik\/#\/schema\/logo\/image\/","url":"https:\/\/www.temperatur.nu\/butik\/wp-content\/uploads\/2025\/11\/Temperatur-Logotyp.png","contentUrl":"https:\/\/www.temperatur.nu\/butik\/wp-content\/uploads\/2025\/11\/Temperatur-Logotyp.png","width":1772,"height":414,"caption":"Temperatur.nu"},"image":{"@id":"https:\/\/www.temperatur.nu\/butik\/#\/schema\/logo\/image\/"},"sameAs":["https:\/\/www.facebook.com\/temperatur.nu"]}]}},"_links":{"self":[{"href":"https:\/\/www.temperatur.nu\/butik\/wp-json\/wp\/v2\/product\/92","targetHints":{"allow":["GET"]}}],"collection":[{"href":"https:\/\/www.temperatur.nu\/butik\/wp-json\/wp\/v2\/product"}],"about":[{"href":"https:\/\/www.temperatur.nu\/butik\/wp-json\/wp\/v2\/types\/product"}],"replies":[{"embeddable":true,"href":"https:\/\/www.temperatur.nu\/butik\/wp-json\/wp\/v2\/comments?post=92"}],"wp:featuredmedia":[{"embeddable":true,"href":"https:\/\/www.temperatur.nu\/butik\/wp-json\/wp\/v2\/media\/93"}],"wp:attachment":[{"href":"https:\/\/www.temperatur.nu\/butik\/wp-json\/wp\/v2\/media?parent=92"}],"wp:term":[{"taxonomy":"product_brand","embeddable":true,"href":"https:\/\/www.temperatur.nu\/butik\/wp-json\/wp\/v2\/product_brand?post=92"},{"taxonomy":"product_cat","embeddable":true,"href":"https:\/\/www.temperatur.nu\/butik\/wp-json\/wp\/v2\/product_cat?post=92"},{"taxonomy":"product_tag","embeddable":true,"href":"https:\/\/www.temperatur.nu\/butik\/wp-json\/wp\/v2\/product_tag?post=92"}],"curies":[{"name":"wp","href":"https:\/\/api.w.org\/{rel}","templated":true}]}}