{"id":148,"date":"2025-11-09T12:13:07","date_gmt":"2025-11-09T12:13:07","guid":{"rendered":"https:\/\/www.temperatur.nu\/butik\/?post_type=product&#038;p=148"},"modified":"2025-11-09T12:22:44","modified_gmt":"2025-11-09T12:22:44","slug":"specialanpassade-temperatursensorer","status":"publish","type":"product","link":"https:\/\/www.temperatur.nu\/butik\/product\/specialanpassade-temperatursensorer\/","title":{"rendered":"Specialanpassade temperatursensorer"},"content":{"rendered":"<p data-start=\"105\" data-end=\"473\"><strong data-start=\"105\" data-end=\"167\">Beh\u00f6ver ni specialdesignade tr\u00e5dbundna temperatursensorer?<\/strong><br data-start=\"167\" data-end=\"170\" \/>Temperatur.nu har <strong data-start=\"188\" data-end=\"214\">\u00f6ver 20 \u00e5rs erfarenhet<\/strong> av att utveckla och tillverka sensorer baserade p\u00e5 <strong data-start=\"266\" data-end=\"283\">1-Wire-teknik<\/strong>. Sensorerna som <strong data-start=\"300\" data-end=\"318\">Erik Freiholtz<\/strong>, grundare av Temperatur.nu, har designat har producerats i <strong data-start=\"378\" data-end=\"403\">tiotusentals exemplar<\/strong> och anv\u00e4nds av b\u00e5de <strong data-start=\"424\" data-end=\"444\">fordonsindustrin<\/strong> och i <strong data-start=\"451\" data-end=\"472\">forskningsprojekt<\/strong>.<\/p>\n<p data-start=\"475\" data-end=\"594\">\u2714\ufe0f Anpassade kabell\u00e4ngder och kapslingar.<br \/>\n\u2714\ufe0f Kabel l\u00e4mplig f\u00f6r just er applikation.<br data-start=\"510\" data-end=\"513\" \/>\u2714\ufe0f Robust konstruktion f\u00f6r kr\u00e4vande milj\u00f6er.<br data-start=\"556\" data-end=\"559\" \/>\u2714\ufe0f Snabb prototyp \u2192 serieproduktion.<\/p>\n<p data-start=\"596\" data-end=\"689\"><strong data-start=\"596\" data-end=\"609\">Kontakta:<\/strong> <a class=\"decorated-link cursor-pointer\" rel=\"noopener\" data-start=\"610\" data-end=\"657\">erik@freiholtz.com<\/a> f\u00f6r offert och mer information.<\/p>\n","protected":false},"excerpt":{"rendered":"<p><strong data-start=\"728\" data-end=\"774\">Specialanpassade 1-Wire-temperatursensorer<\/strong> med 20+ \u00e5rs erfarenhet. Tiotusentals producerade f\u00f6r industri och forskning.<br data-start=\"851\" data-end=\"854\" \/>\ud83d\udce9 <a class=\"decorated-link cursor-pointer\" rel=\"noopener\" data-start=\"857\" data-end=\"904\">erik@freiholtz.com<\/a><\/p>\n","protected":false},"featured_media":149,"comment_status":"open","ping_status":"closed","template":"","meta":{"site-sidebar-layout":"default","site-content-layout":"","ast-site-content-layout":"default","site-content-style":"default","site-sidebar-style":"default","ast-global-header-display":"","ast-banner-title-visibility":"","ast-main-header-display":"","ast-hfb-above-header-display":"","ast-hfb-below-header-display":"","ast-hfb-mobile-header-display":"","site-post-title":"","ast-breadcrumbs-content":"","ast-featured-img":"","footer-sml-layout":"","theme-transparent-header-meta":"default","adv-header-id-meta":"","stick-header-meta":"","header-above-stick-meta":"","header-main-stick-meta":"","header-below-stick-meta":"","astra-migrate-meta-layouts":"set","ast-page-background-enabled":"default","ast-page-background-meta":{"desktop":{"background-color":"var(--ast-global-color-5)","background-image":"","background-repeat":"repeat","background-position":"center center","background-size":"auto","background-attachment":"scroll","background-type":"","background-media":"","overlay-type":"","overlay-color":"","overlay-opacity":"","overlay-gradient":""},"tablet":{"background-color":"","background-image":"","background-repeat":"repeat","background-position":"center center","background-size":"auto","background-attachment":"scroll","background-type":"","background-media":"","overlay-type":"","overlay-color":"","overlay-opacity":"","overlay-gradient":""},"mobile":{"background-color":"","background-image":"","background-repeat":"repeat","background-position":"center center","background-size":"auto","background-attachment":"scroll","background-type":"","background-media":"","overlay-type":"","overlay-color":"","overlay-opacity":"","overlay-gradient":""}},"ast-content-background-meta":{"desktop":{"background-color":"var(--ast-global-color-4)","background-image":"","background-repeat":"repeat","background-position":"center center","background-size":"auto","background-attachment":"scroll","background-type":"","background-media":"","overlay-type":"","overlay-color":"","overlay-opacity":"","overlay-gradient":""},"tablet":{"background-color":"var(--ast-global-color-4)","background-image":"","background-repeat":"repeat","background-position":"center center","background-size":"auto","background-attachment":"scroll","background-type":"","background-media":"","overlay-type":"","overlay-color":"","overlay-opacity":"","overlay-gradient":""},"mobile":{"background-color":"var(--ast-global-color-4)","background-image":"","background-repeat":"repeat","background-position":"center center","background-size":"auto","background-attachment":"scroll","background-type":"","background-media":"","overlay-type":"","overlay-color":"","overlay-opacity":"","overlay-gradient":""}}},"product_brand":[],"product_cat":[15],"product_tag":[],"class_list":{"0":"post-148","1":"product","2":"type-product","3":"status-publish","4":"has-post-thumbnail","6":"product_cat-temperatur-nu","7":"desktop-align-left","8":"tablet-align-left","9":"mobile-align-left","11":"first","12":"instock","13":"taxable","14":"shipping-taxable","15":"product-type-simple"},"yoast_head":"<!-- This site is optimized with the Yoast SEO plugin v27.4 - https:\/\/yoast.com\/product\/yoast-seo-wordpress\/ -->\n<title>Tr\u00e5dbundna temperatursensorer f\u00f6r fordonsindustri och forskning -<\/title>\n<meta name=\"description\" content=\"K\u00f6p specialdesignade tr\u00e5dbundna temperatursensorer med 1-Wire-teknik och \u00f6ver 20 \u00e5rs expertis. Kontakta oss f\u00f6r mer information!\" \/>\n<meta name=\"robots\" content=\"index, follow, max-snippet:-1, max-image-preview:large, max-video-preview:-1\" \/>\n<link rel=\"canonical\" href=\"https:\/\/www.temperatur.nu\/butik\/product\/specialanpassade-temperatursensorer\/\" \/>\n<meta property=\"og:locale\" content=\"sv_SE\" \/>\n<meta property=\"og:type\" content=\"article\" \/>\n<meta property=\"og:title\" content=\"Tr\u00e5dbundna temperatursensorer f\u00f6r fordonsindustri och forskning -\" \/>\n<meta property=\"og:description\" content=\"K\u00f6p specialdesignade tr\u00e5dbundna temperatursensorer med 1-Wire-teknik och \u00f6ver 20 \u00e5rs expertis. Kontakta oss f\u00f6r mer information!\" \/>\n<meta property=\"og:url\" content=\"https:\/\/www.temperatur.nu\/butik\/product\/specialanpassade-temperatursensorer\/\" \/>\n<meta property=\"article:publisher\" content=\"https:\/\/www.facebook.com\/temperatur.nu\" \/>\n<meta property=\"article:modified_time\" content=\"2025-11-09T12:22:44+00:00\" \/>\n<meta property=\"og:image\" content=\"https:\/\/www.temperatur.nu\/butik\/wp-content\/uploads\/2025\/11\/2021-10-12-20.41.28-scaled.jpg\" \/>\n\t<meta property=\"og:image:width\" content=\"2560\" \/>\n\t<meta property=\"og:image:height\" content=\"1440\" \/>\n\t<meta property=\"og:image:type\" content=\"image\/jpeg\" \/>\n<meta name=\"twitter:card\" content=\"summary_large_image\" \/>\n<meta name=\"twitter:label1\" content=\"Ber\u00e4knad l\u00e4stid\" \/>\n\t<meta name=\"twitter:data1\" content=\"1 minut\" \/>\n<script type=\"application\/ld+json\" class=\"yoast-schema-graph\">{\"@context\":\"https:\\\/\\\/schema.org\",\"@graph\":[{\"@type\":\"WebPage\",\"@id\":\"https:\\\/\\\/www.temperatur.nu\\\/butik\\\/product\\\/specialanpassade-temperatursensorer\\\/\",\"url\":\"https:\\\/\\\/www.temperatur.nu\\\/butik\\\/product\\\/specialanpassade-temperatursensorer\\\/\",\"name\":\"Tr\u00e5dbundna temperatursensorer f\u00f6r fordonsindustri och forskning -\",\"isPartOf\":{\"@id\":\"https:\\\/\\\/www.temperatur.nu\\\/butik\\\/#website\"},\"primaryImageOfPage\":{\"@id\":\"https:\\\/\\\/www.temperatur.nu\\\/butik\\\/product\\\/specialanpassade-temperatursensorer\\\/#primaryimage\"},\"image\":{\"@id\":\"https:\\\/\\\/www.temperatur.nu\\\/butik\\\/product\\\/specialanpassade-temperatursensorer\\\/#primaryimage\"},\"thumbnailUrl\":\"https:\\\/\\\/www.temperatur.nu\\\/butik\\\/wp-content\\\/uploads\\\/2025\\\/11\\\/2021-10-12-20.41.28-scaled.jpg\",\"datePublished\":\"2025-11-09T12:13:07+00:00\",\"dateModified\":\"2025-11-09T12:22:44+00:00\",\"description\":\"K\u00f6p specialdesignade tr\u00e5dbundna temperatursensorer med 1-Wire-teknik och \u00f6ver 20 \u00e5rs expertis. Kontakta oss f\u00f6r mer information!\",\"breadcrumb\":{\"@id\":\"https:\\\/\\\/www.temperatur.nu\\\/butik\\\/product\\\/specialanpassade-temperatursensorer\\\/#breadcrumb\"},\"inLanguage\":\"sv-SE\",\"potentialAction\":[{\"@type\":\"ReadAction\",\"target\":[\"https:\\\/\\\/www.temperatur.nu\\\/butik\\\/product\\\/specialanpassade-temperatursensorer\\\/\"]}]},{\"@type\":\"ImageObject\",\"inLanguage\":\"sv-SE\",\"@id\":\"https:\\\/\\\/www.temperatur.nu\\\/butik\\\/product\\\/specialanpassade-temperatursensorer\\\/#primaryimage\",\"url\":\"https:\\\/\\\/www.temperatur.nu\\\/butik\\\/wp-content\\\/uploads\\\/2025\\\/11\\\/2021-10-12-20.41.28-scaled.jpg\",\"contentUrl\":\"https:\\\/\\\/www.temperatur.nu\\\/butik\\\/wp-content\\\/uploads\\\/2025\\\/11\\\/2021-10-12-20.41.28-scaled.jpg\",\"width\":2560,\"height\":1440,\"caption\":\"Specialdesignade temperatursensorer\"},{\"@type\":\"BreadcrumbList\",\"@id\":\"https:\\\/\\\/www.temperatur.nu\\\/butik\\\/product\\\/specialanpassade-temperatursensorer\\\/#breadcrumb\",\"itemListElement\":[{\"@type\":\"ListItem\",\"position\":1,\"name\":\"Hem\",\"item\":\"https:\\\/\\\/www.temperatur.nu\\\/butik\\\/\"},{\"@type\":\"ListItem\",\"position\":2,\"name\":\"Temperatur.nu Butik\",\"item\":\"https:\\\/\\\/www.temperatur.nu\\\/butik\\\/\"},{\"@type\":\"ListItem\",\"position\":3,\"name\":\"Specialanpassade temperatursensorer\"}]},{\"@type\":\"WebSite\",\"@id\":\"https:\\\/\\\/www.temperatur.nu\\\/butik\\\/#website\",\"url\":\"https:\\\/\\\/www.temperatur.nu\\\/butik\\\/\",\"name\":\"Temperatur.nu\\\/butik\",\"description\":\"Tar tempen p\u00e5 Sverige!\",\"publisher\":{\"@id\":\"https:\\\/\\\/www.temperatur.nu\\\/butik\\\/#organization\"},\"potentialAction\":[{\"@type\":\"SearchAction\",\"target\":{\"@type\":\"EntryPoint\",\"urlTemplate\":\"https:\\\/\\\/www.temperatur.nu\\\/butik\\\/?s={search_term_string}\"},\"query-input\":{\"@type\":\"PropertyValueSpecification\",\"valueRequired\":true,\"valueName\":\"search_term_string\"}}],\"inLanguage\":\"sv-SE\"},{\"@type\":\"Organization\",\"@id\":\"https:\\\/\\\/www.temperatur.nu\\\/butik\\\/#organization\",\"name\":\"Temperatur.nu\",\"url\":\"https:\\\/\\\/www.temperatur.nu\\\/butik\\\/\",\"logo\":{\"@type\":\"ImageObject\",\"inLanguage\":\"sv-SE\",\"@id\":\"https:\\\/\\\/www.temperatur.nu\\\/butik\\\/#\\\/schema\\\/logo\\\/image\\\/\",\"url\":\"https:\\\/\\\/www.temperatur.nu\\\/butik\\\/wp-content\\\/uploads\\\/2025\\\/11\\\/Temperatur-Logotyp.png\",\"contentUrl\":\"https:\\\/\\\/www.temperatur.nu\\\/butik\\\/wp-content\\\/uploads\\\/2025\\\/11\\\/Temperatur-Logotyp.png\",\"width\":1772,\"height\":414,\"caption\":\"Temperatur.nu\"},\"image\":{\"@id\":\"https:\\\/\\\/www.temperatur.nu\\\/butik\\\/#\\\/schema\\\/logo\\\/image\\\/\"},\"sameAs\":[\"https:\\\/\\\/www.facebook.com\\\/temperatur.nu\"]}]}<\/script>\n<!-- \/ Yoast SEO plugin. -->","yoast_head_json":{"title":"Tr\u00e5dbundna temperatursensorer f\u00f6r fordonsindustri och forskning -","description":"K\u00f6p specialdesignade tr\u00e5dbundna temperatursensorer med 1-Wire-teknik och \u00f6ver 20 \u00e5rs expertis. Kontakta oss f\u00f6r mer information!","robots":{"index":"index","follow":"follow","max-snippet":"max-snippet:-1","max-image-preview":"max-image-preview:large","max-video-preview":"max-video-preview:-1"},"canonical":"https:\/\/www.temperatur.nu\/butik\/product\/specialanpassade-temperatursensorer\/","og_locale":"sv_SE","og_type":"article","og_title":"Tr\u00e5dbundna temperatursensorer f\u00f6r fordonsindustri och forskning -","og_description":"K\u00f6p specialdesignade tr\u00e5dbundna temperatursensorer med 1-Wire-teknik och \u00f6ver 20 \u00e5rs expertis. Kontakta oss f\u00f6r mer information!","og_url":"https:\/\/www.temperatur.nu\/butik\/product\/specialanpassade-temperatursensorer\/","article_publisher":"https:\/\/www.facebook.com\/temperatur.nu","article_modified_time":"2025-11-09T12:22:44+00:00","og_image":[{"width":2560,"height":1440,"url":"https:\/\/www.temperatur.nu\/butik\/wp-content\/uploads\/2025\/11\/2021-10-12-20.41.28-scaled.jpg","type":"image\/jpeg"}],"twitter_card":"summary_large_image","twitter_misc":{"Ber\u00e4knad l\u00e4stid":"1 minut"},"schema":{"@context":"https:\/\/schema.org","@graph":[{"@type":"WebPage","@id":"https:\/\/www.temperatur.nu\/butik\/product\/specialanpassade-temperatursensorer\/","url":"https:\/\/www.temperatur.nu\/butik\/product\/specialanpassade-temperatursensorer\/","name":"Tr\u00e5dbundna temperatursensorer f\u00f6r fordonsindustri och forskning -","isPartOf":{"@id":"https:\/\/www.temperatur.nu\/butik\/#website"},"primaryImageOfPage":{"@id":"https:\/\/www.temperatur.nu\/butik\/product\/specialanpassade-temperatursensorer\/#primaryimage"},"image":{"@id":"https:\/\/www.temperatur.nu\/butik\/product\/specialanpassade-temperatursensorer\/#primaryimage"},"thumbnailUrl":"https:\/\/www.temperatur.nu\/butik\/wp-content\/uploads\/2025\/11\/2021-10-12-20.41.28-scaled.jpg","datePublished":"2025-11-09T12:13:07+00:00","dateModified":"2025-11-09T12:22:44+00:00","description":"K\u00f6p specialdesignade tr\u00e5dbundna temperatursensorer med 1-Wire-teknik och \u00f6ver 20 \u00e5rs expertis. Kontakta oss f\u00f6r mer information!","breadcrumb":{"@id":"https:\/\/www.temperatur.nu\/butik\/product\/specialanpassade-temperatursensorer\/#breadcrumb"},"inLanguage":"sv-SE","potentialAction":[{"@type":"ReadAction","target":["https:\/\/www.temperatur.nu\/butik\/product\/specialanpassade-temperatursensorer\/"]}]},{"@type":"ImageObject","inLanguage":"sv-SE","@id":"https:\/\/www.temperatur.nu\/butik\/product\/specialanpassade-temperatursensorer\/#primaryimage","url":"https:\/\/www.temperatur.nu\/butik\/wp-content\/uploads\/2025\/11\/2021-10-12-20.41.28-scaled.jpg","contentUrl":"https:\/\/www.temperatur.nu\/butik\/wp-content\/uploads\/2025\/11\/2021-10-12-20.41.28-scaled.jpg","width":2560,"height":1440,"caption":"Specialdesignade temperatursensorer"},{"@type":"BreadcrumbList","@id":"https:\/\/www.temperatur.nu\/butik\/product\/specialanpassade-temperatursensorer\/#breadcrumb","itemListElement":[{"@type":"ListItem","position":1,"name":"Hem","item":"https:\/\/www.temperatur.nu\/butik\/"},{"@type":"ListItem","position":2,"name":"Temperatur.nu Butik","item":"https:\/\/www.temperatur.nu\/butik\/"},{"@type":"ListItem","position":3,"name":"Specialanpassade temperatursensorer"}]},{"@type":"WebSite","@id":"https:\/\/www.temperatur.nu\/butik\/#website","url":"https:\/\/www.temperatur.nu\/butik\/","name":"Temperatur.nu\/butik","description":"Tar tempen p\u00e5 Sverige!","publisher":{"@id":"https:\/\/www.temperatur.nu\/butik\/#organization"},"potentialAction":[{"@type":"SearchAction","target":{"@type":"EntryPoint","urlTemplate":"https:\/\/www.temperatur.nu\/butik\/?s={search_term_string}"},"query-input":{"@type":"PropertyValueSpecification","valueRequired":true,"valueName":"search_term_string"}}],"inLanguage":"sv-SE"},{"@type":"Organization","@id":"https:\/\/www.temperatur.nu\/butik\/#organization","name":"Temperatur.nu","url":"https:\/\/www.temperatur.nu\/butik\/","logo":{"@type":"ImageObject","inLanguage":"sv-SE","@id":"https:\/\/www.temperatur.nu\/butik\/#\/schema\/logo\/image\/","url":"https:\/\/www.temperatur.nu\/butik\/wp-content\/uploads\/2025\/11\/Temperatur-Logotyp.png","contentUrl":"https:\/\/www.temperatur.nu\/butik\/wp-content\/uploads\/2025\/11\/Temperatur-Logotyp.png","width":1772,"height":414,"caption":"Temperatur.nu"},"image":{"@id":"https:\/\/www.temperatur.nu\/butik\/#\/schema\/logo\/image\/"},"sameAs":["https:\/\/www.facebook.com\/temperatur.nu"]}]}},"_links":{"self":[{"href":"https:\/\/www.temperatur.nu\/butik\/wp-json\/wp\/v2\/product\/148","targetHints":{"allow":["GET"]}}],"collection":[{"href":"https:\/\/www.temperatur.nu\/butik\/wp-json\/wp\/v2\/product"}],"about":[{"href":"https:\/\/www.temperatur.nu\/butik\/wp-json\/wp\/v2\/types\/product"}],"replies":[{"embeddable":true,"href":"https:\/\/www.temperatur.nu\/butik\/wp-json\/wp\/v2\/comments?post=148"}],"wp:featuredmedia":[{"embeddable":true,"href":"https:\/\/www.temperatur.nu\/butik\/wp-json\/wp\/v2\/media\/149"}],"wp:attachment":[{"href":"https:\/\/www.temperatur.nu\/butik\/wp-json\/wp\/v2\/media?parent=148"}],"wp:term":[{"taxonomy":"product_brand","embeddable":true,"href":"https:\/\/www.temperatur.nu\/butik\/wp-json\/wp\/v2\/product_brand?post=148"},{"taxonomy":"product_cat","embeddable":true,"href":"https:\/\/www.temperatur.nu\/butik\/wp-json\/wp\/v2\/product_cat?post=148"},{"taxonomy":"product_tag","embeddable":true,"href":"https:\/\/www.temperatur.nu\/butik\/wp-json\/wp\/v2\/product_tag?post=148"}],"curies":[{"name":"wp","href":"https:\/\/api.w.org\/{rel}","templated":true}]}}